{"id":34,"date":"2024-02-05T19:44:50","date_gmt":"2024-02-05T19:44:50","guid":{"rendered":"https:\/\/www.gehmituns.at\/?page_id=34"},"modified":"2024-02-13T17:33:11","modified_gmt":"2024-02-13T17:33:11","slug":"wer-wir-sind","status":"publish","type":"page","link":"https:\/\/www.gehmituns.at\/?page_id=34","title":{"rendered":"Wer wir sind"},"content":{"rendered":"\t\t<div data-elementor-type=\"wp-page\" data-elementor-id=\"34\" class=\"elementor elementor-34\">\n\t\t\t\t<div class=\"elementor-element elementor-element-376977d3 animated-slow e-flex e-con-boxed elementor-invisible e-con e-parent\" data-id=\"376977d3\" data-element_type=\"container\" data-e-type=\"container\" data-settings=\"{&quot;background_background&quot;:&quot;slideshow&quot;,&quot;background_slideshow_gallery&quot;:[{&quot;id&quot;:295,&quot;url&quot;:&quot;https:\\\/\\\/www.gehmituns.at\\\/wp-content\\\/uploads\\\/2024\\\/02\\\/hero-blur-1.jpg&quot;}],&quot;animation&quot;:&quot;fadeIn&quot;,&quot;background_slideshow_loop&quot;:&quot;yes&quot;,&quot;background_slideshow_slide_duration&quot;:5000,&quot;background_slideshow_slide_transition&quot;:&quot;fade&quot;,&quot;background_slideshow_transition_duration&quot;:500}\">\n\t\t\t\t\t<div class=\"e-con-inner\">\n\t\t\t\t<div class=\"elementor-element elementor-element-713edbe elementor-widget elementor-widget-heading\" data-id=\"713edbe\" data-element_type=\"widget\" data-e-type=\"widget\" data-widget_type=\"heading.default\">\n\t\t\t\t<div class=\"elementor-widget-container\">\n\t\t\t\t\t<h1 class=\"elementor-heading-title elementor-size-default\">Wer wir sind<\/h1>\t\t\t\t<\/div>\n\t\t\t\t<\/div>\n\t\t\t\t\t<\/div>\n\t\t\t\t<\/div>\n\t\t<div class=\"elementor-element elementor-element-55a991ca e-con-full animated-fast e-flex elementor-invisible e-con e-parent\" data-id=\"55a991ca\" data-element_type=\"container\" data-e-type=\"container\" data-settings=\"{&quot;animation&quot;:&quot;zoomIn&quot;}\">\n\t\t<div class=\"elementor-element elementor-element-27b0b991 e-flex e-con-boxed e-con e-child\" data-id=\"27b0b991\" data-element_type=\"container\" data-e-type=\"container\">\n\t\t\t\t\t<div class=\"e-con-inner\">\n\t\t\t\t<div class=\"elementor-element elementor-element-7c6d446 elementor-widget elementor-widget-image\" data-id=\"7c6d446\" data-element_type=\"widget\" data-e-type=\"widget\" data-widget_type=\"image.default\">\n\t\t\t\t<div class=\"elementor-widget-container\">\n\t\t\t\t\t\t\t\t\t\t\t\t\t\t\t<img fetchpriority=\"high\" decoding=\"async\" width=\"1024\" height=\"683\" src=\"https:\/\/www.gehmituns.at\/wp-content\/uploads\/2024\/02\/zirkus-1-1024x683.jpg\" class=\"attachment-large size-large wp-image-376\" alt=\"\" srcset=\"https:\/\/www.gehmituns.at\/wp-content\/uploads\/2024\/02\/zirkus-1-1024x683.jpg 1024w, https:\/\/www.gehmituns.at\/wp-content\/uploads\/2024\/02\/zirkus-1-300x200.jpg 300w, https:\/\/www.gehmituns.at\/wp-content\/uploads\/2024\/02\/zirkus-1-768x512.jpg 768w, https:\/\/www.gehmituns.at\/wp-content\/uploads\/2024\/02\/zirkus-1.jpg 1500w\" sizes=\"(max-width: 1024px) 100vw, 1024px\" \/>\t\t\t\t\t\t\t\t\t\t\t\t\t\t\t<\/div>\n\t\t\t\t<\/div>\n\t\t\t\t\t<\/div>\n\t\t\t\t<\/div>\n\t\t\t\t<\/div>\n\t\t<div class=\"elementor-element elementor-element-6e27e5db e-flex e-con-boxed elementor-invisible e-con e-parent\" data-id=\"6e27e5db\" data-element_type=\"container\" data-e-type=\"container\" data-settings=\"{&quot;animation&quot;:&quot;fadeInUp&quot;}\">\n\t\t\t\t\t<div class=\"e-con-inner\">\n\t\t<div class=\"elementor-element elementor-element-2e8ff55d e-flex e-con-boxed e-con e-child\" data-id=\"2e8ff55d\" data-element_type=\"container\" data-e-type=\"container\">\n\t\t\t\t\t<div class=\"e-con-inner\">\n\t\t\t\t<div class=\"elementor-element elementor-element-9f31060 elementor-widget elementor-widget-heading\" data-id=\"9f31060\" data-element_type=\"widget\" data-e-type=\"widget\" data-widget_type=\"heading.default\">\n\t\t\t\t<div class=\"elementor-widget-container\">\n\t\t\t\t\t<h2 class=\"elementor-heading-title elementor-size-default\">Leitbild<\/h2>\t\t\t\t<\/div>\n\t\t\t\t<\/div>\n\t\t\t\t<div class=\"elementor-element elementor-element-d422968 elementor-widget elementor-widget-heading\" data-id=\"d422968\" data-element_type=\"widget\" data-e-type=\"widget\" data-widget_type=\"heading.default\">\n\t\t\t\t<div class=\"elementor-widget-container\">\n\t\t\t\t\t<h2 class=\"elementor-heading-title elementor-size-default\">Wie wir handeln<\/h2>\t\t\t\t<\/div>\n\t\t\t\t<\/div>\n\t\t\t\t<div class=\"elementor-element elementor-element-15d6cb0 elementor-widget elementor-widget-text-editor\" data-id=\"15d6cb0\" data-element_type=\"widget\" data-e-type=\"widget\" data-widget_type=\"text-editor.default\">\n\t\t\t\t<div class=\"elementor-widget-container\">\n\t\t\t\t\t\t\t\t\t<p>In unserem Menschenbild sind die St\u00e4rken und Schw\u00e4chen jedes Menschen Teil seiner*ihrer unverwechselbaren Einzigartigkeit.<\/p><p>Die St\u00e4rken der ihnen Anvertrauten wie auch ihre eigenen zu f\u00f6rdern und die Potentiale aller auszusch\u00f6pfen, haben sich die Betreuer*innen als Ziel gesetzt.<\/p><p>Integration beginnt damit, dass die Betreuer*innen selbst ihre eigenen Behinderungen anzunehmen lernen.<\/p><p>Neben der Arbeit f\u00fcr und mit den Anvertrauten wird auch auf die F\u00f6rderung der individuellen Entwicklung Bedacht genommen, nicht nur der Anvertrauten, sondern von allen, die mit uns gehen.<\/p><p>So entsteht in Arbeit und Betreuung ein st\u00e4ndiger Lernprozess f\u00fcr beide Seiten.<\/p><p>Der parteiische Einsatz f\u00fcr die Anvertrauten und ihre Anliegen hat als Ziel das gleichberechtigte Miteinander auf Augenh\u00f6he: Anvertraute und Betreuer*innen leisten als Kolleg*innen einen Beitrag f\u00fcr die Gesellschaft.<\/p><p>Es geht um Wertsch\u00e4tzung f\u00fcr Leben in jeder Form.<\/p><p>Das beinhaltet ein wachsendes Bem\u00fchen um Nachhaltigkeit (im Umgang mit den Ressourcen der Erde) genauso wie den Respekt (im Umgang miteinander).<\/p><p>In den Beziehungen bedeutet das einen respektvollen Umgang auf Augenh\u00f6he, ein gegenseitiges Wahrnehmen individueller Bed\u00fcrfnisse, ein liebevolles Einf\u00fchlen, ein Ber\u00fchren und Sich-ber\u00fchren-Lassen im Herzen, der Mitte der Person.<\/p><p>Wir pflegen in unserem Projekt bewusst eine famili\u00e4re Atmosph\u00e4re.<\/p><p>In der \u00fcberschaubaren Gr\u00f6\u00dfe wachsen die Beziehungen in konzentrischen Kreisen von der Familie \u00fcber den Freundeskreis und das Team in unsere Wirkungsbereiche in Gemeinde und Region.<\/p><p>In diesem gewachsenen und wachsenden Beziehungsgef\u00fcge gewinnen wir Motivation zur t\u00e4glichen Arbeit.<\/p><p>Als Symbol des offenen Hauses dient uns der (Apfel-)Baum, der Lebensraum f\u00fcr viele Tiere und Pflanzen ist.<\/p><p>Inklusion, Offenheit, Integration: Die H\u00e4user integrieren sich in die Gesellschaft. Auch diese kann sich hierher integrieren.<\/p><p>Das Betreuer*innenteam selbst ist schon Ort der Integration von Menschen, so verschieden in Ausbildung, Lebensabschnitt, Denken und F\u00fchlen.<\/p><p>Das Team von \u201eGeh mit uns\u201c versucht, sich liebevoll in seine Anvertrauten einzuf\u00fchlen und jede*n einzelne*n wahrzunehmen. Jede*r bringt seine*ihre Kompetenzen ein. So arbeiten wir daran, diesen Vorsatz zu verwirklichen.<\/p><p>Ein integratives und r\u00e4umlich ansprechendes Arbeits- und Lebensumfeld liegt allen am Herzen.<\/p><p>In ein geeignetes Platzangebot f\u00fcr Arbeit, Therapie und Leben wird mit jedem neuen Tag Lebendigkeit in die Arbeit eingebracht.<\/p><p>Ein wesentliches Merkmal der Betreuung ist die Lebendigkeit &#8211; nicht nur neben, sondern vor allem in der Arbeit gibt es Abwechslung und Spa\u00df, Lebensfreude und Optimismus.<\/p>\t\t\t\t\t\t\t\t<\/div>\n\t\t\t\t<\/div>\n\t\t\t\t<div class=\"elementor-element elementor-element-b2b6c1d elementor-widget elementor-widget-heading\" data-id=\"b2b6c1d\" data-element_type=\"widget\" data-e-type=\"widget\" data-widget_type=\"heading.default\">\n\t\t\t\t<div class=\"elementor-widget-container\">\n\t\t\t\t\t<h2 class=\"elementor-heading-title elementor-size-default\">Wohin wir wollen<\/h2>\t\t\t\t<\/div>\n\t\t\t\t<\/div>\n\t\t\t\t<div class=\"elementor-element elementor-element-02cc15c elementor-widget elementor-widget-text-editor\" data-id=\"02cc15c\" data-element_type=\"widget\" data-e-type=\"widget\" data-widget_type=\"text-editor.default\">\n\t\t\t\t<div class=\"elementor-widget-container\">\n\t\t\t\t\t\t\t\t\t<p>Unsere Vision einer lebenswerten Gesellschaft: Wir wollen Mut machen \u2026<\/p><ul><li>\u2026 zu einem Leben ohne Angst vor dem Andersartigen. Wir m\u00f6chten den Eltern und Verwandten, die ein behindertes Kind haben oder erwarten, die Angst nehmen und ihnen eine M\u00f6glichkeit zeigen: Sich darauf einzulassen.<\/li><li>\u2026, sich eingebunden zu wissen: nicht nur in die Gemeinschaft vor Ort, sondern auch in das gro\u00dfe Ganze von Sch\u00f6pfung und Natur, und sich in diesem verbunden mit Respekt und Nachhaltigkeit zu bewegen.<\/li><li>\u2026, vom Bewerten und Beurteilen zum Beobachten zu wechseln. Den*die andere*n annehmen, indem mensch sich auf eine Geschichte einl\u00e4sst, einander akzeptieren \u2013 auch ohne eine bestimmte Kriterienliste im Kopf zu haben, die erf\u00fcllt werden muss.<\/li><li>\u2026, die Einzigartigkeit jedes Menschen mit der Gleichwertigkeit von Menschen zu verbinden \u2013 entgegen g\u00e4ngigen Normierungsanspr\u00fcchen.<\/li><li>\u2026, dass jede*r seinem*ihrem Projekt den eigenen Stempel aufdr\u00fcckt, den ihn*sie umgebenden Raum pr\u00e4gt, sich im Raum einbringt und dort wieder findet.<\/li><li>\u2026, zu einer naturnahen, gesundmachenden und sinnstiftenden Einfachheit \u2013 in Bezug auf Arbeit, Urlaub, Nahrung, Medien, Ort.<\/li><li>\u2026, sich auf den Kreis der Jahreszeiten und der Feste einzulassen und daraus Kraft zu sch\u00f6pfen.<\/li><li>\u2026, jetzt im Augenblick die Arbeit als Leben zu begreifen und zu erleben \u2013 und damit den k\u00fcnstlichen Bewertungsunterschied zwischen Arbeit und Freizeit hinter sich zu lassen: Jetzt ist Jetzt und alles ist vorbereitet.<\/li><li>\u2026, Verantwortung f\u00fcr die Gemeinschaft und das Gemeingut zu \u00fcbernehmen \u2013 ohne zu rechnen.<\/li><\/ul><p>Jede*r hat seinen*ihren eigenen wertvollen Beitrag zu geben, egal aus welchem religi\u00f6sen, kulturellen Hintergrund er*sie kommt. Deshalb wollen wir Mut machen, die eigene religi\u00f6se und spirituelle Art verantwortungsvoll einzubringen und mit den Beitr\u00e4gen der anderen ebenso umzugehen und auch dadurch Lebensfreude und Lebensn\u00e4he zu erleben.<\/p>\t\t\t\t\t\t\t\t<\/div>\n\t\t\t\t<\/div>\n\t\t\t\t\t<\/div>\n\t\t\t\t<\/div>\n\t\t\t\t\t<\/div>\n\t\t\t\t<\/div>\n\t\t\t\t<\/div>\n\t\t","protected":false},"excerpt":{"rendered":"<p>Wer wir sind Leitbild Wie wir handeln In unserem Menschenbild sind die St\u00e4rken und Schw\u00e4chen jedes Menschen Teil seiner*ihrer unverwechselbaren Einzigartigkeit. Die St\u00e4rken der ihnen Anvertrauten wie auch ihre eigenen zu f\u00f6rdern und die Potentiale aller auszusch\u00f6pfen, haben sich die Betreuer*innen als Ziel gesetzt. Integration beginnt damit, dass die Betreuer*innen selbst ihre eigenen Behinderungen anzunehmen [&hellip;]<\/p>\n","protected":false},"author":1,"featured_media":0,"parent":0,"menu_order":0,"comment_status":"closed","ping_status":"closed","template":"","meta":{"ocean_post_layout":"full-screen","ocean_both_sidebars_style":"","ocean_both_sidebars_content_width":0,"ocean_both_sidebars_sidebars_width":0,"ocean_sidebar":"","ocean_second_sidebar":"","ocean_disable_margins":"enable","ocean_add_body_class":"","ocean_shortcode_before_top_bar":"","ocean_shortcode_after_top_bar":"","ocean_shortcode_before_header":"","ocean_shortcode_after_header":"","ocean_has_shortcode":"","ocean_shortcode_after_title":"","ocean_shortcode_before_footer_widgets":"","ocean_shortcode_after_footer_widgets":"","ocean_shortcode_before_footer_bottom":"","ocean_shortcode_after_footer_bottom":"","ocean_display_top_bar":"default","ocean_display_header":"default","ocean_header_style":"","ocean_center_header_left_menu":"","ocean_custom_header_template":"","ocean_custom_logo":0,"ocean_custom_retina_logo":0,"ocean_custom_logo_max_width":0,"ocean_custom_logo_tablet_max_width":0,"ocean_custom_logo_mobile_max_width":0,"ocean_custom_logo_max_height":0,"ocean_custom_logo_tablet_max_height":0,"ocean_custom_logo_mobile_max_height":0,"ocean_header_custom_menu":"","ocean_menu_typo_font_family":"","ocean_menu_typo_font_subset":"","ocean_menu_typo_font_size":0,"ocean_menu_typo_font_size_tablet":0,"ocean_menu_typo_font_size_mobile":0,"ocean_menu_typo_font_size_unit":"px","ocean_menu_typo_font_weight":"","ocean_menu_typo_font_weight_tablet":"","ocean_menu_typo_font_weight_mobile":"","ocean_menu_typo_transform":"","ocean_menu_typo_transform_tablet":"","ocean_menu_typo_transform_mobile":"","ocean_menu_typo_line_height":0,"ocean_menu_typo_line_height_tablet":0,"ocean_menu_typo_line_height_mobile":0,"ocean_menu_typo_line_height_unit":"","ocean_menu_typo_spacing":0,"ocean_menu_typo_spacing_tablet":0,"ocean_menu_typo_spacing_mobile":0,"ocean_menu_typo_spacing_unit":"","ocean_menu_link_color":"","ocean_menu_link_color_hover":"","ocean_menu_link_color_active":"","ocean_menu_link_background":"","ocean_menu_link_hover_background":"","ocean_menu_link_active_background":"","ocean_menu_social_links_bg":"","ocean_menu_social_hover_links_bg":"","ocean_menu_social_links_color":"","ocean_menu_social_hover_links_color":"","ocean_disable_title":"default","ocean_disable_heading":"default","ocean_post_title":"","ocean_post_subheading":"","ocean_post_title_style":"","ocean_post_title_background_color":"","ocean_post_title_background":0,"ocean_post_title_bg_image_position":"","ocean_post_title_bg_image_attachment":"","ocean_post_title_bg_image_repeat":"","ocean_post_title_bg_image_size":"","ocean_post_title_height":0,"ocean_post_title_bg_overlay":0.5,"ocean_post_title_bg_overlay_color":"","ocean_disable_breadcrumbs":"default","ocean_breadcrumbs_color":"","ocean_breadcrumbs_separator_color":"","ocean_breadcrumbs_links_color":"","ocean_breadcrumbs_links_hover_color":"","ocean_display_footer_widgets":"default","ocean_display_footer_bottom":"default","ocean_custom_footer_template":"","footnotes":""},"class_list":["post-34","page","type-page","status-publish","hentry","entry"],"_links":{"self":[{"href":"https:\/\/www.gehmituns.at\/index.php?rest_route=\/wp\/v2\/pages\/34","targetHints":{"allow":["GET"]}}],"collection":[{"href":"https:\/\/www.gehmituns.at\/index.php?rest_route=\/wp\/v2\/pages"}],"about":[{"href":"https:\/\/www.gehmituns.at\/index.php?rest_route=\/wp\/v2\/types\/page"}],"author":[{"embeddable":true,"href":"https:\/\/www.gehmituns.at\/index.php?rest_route=\/wp\/v2\/users\/1"}],"replies":[{"embeddable":true,"href":"https:\/\/www.gehmituns.at\/index.php?rest_route=%2Fwp%2Fv2%2Fcomments&post=34"}],"version-history":[{"count":41,"href":"https:\/\/www.gehmituns.at\/index.php?rest_route=\/wp\/v2\/pages\/34\/revisions"}],"predecessor-version":[{"id":412,"href":"https:\/\/www.gehmituns.at\/index.php?rest_route=\/wp\/v2\/pages\/34\/revisions\/412"}],"wp:attachment":[{"href":"https:\/\/www.gehmituns.at\/index.php?rest_route=%2Fwp%2Fv2%2Fmedia&parent=34"}],"curies":[{"name":"wp","href":"https:\/\/api.w.org\/{rel}","templated":true}]}}